{"id":194,"date":"2016-02-18T00:53:06","date_gmt":"2016-02-17T23:53:06","guid":{"rendered":"http:\/\/tabakundspirituosen.de\/?page_id=194"},"modified":"2016-02-18T04:06:35","modified_gmt":"2016-02-18T03:06:35","slug":"rauchwerk-und-feuerwasser","status":"publish","type":"page","link":"https:\/\/www.tabakundspirituosen.de\/index.php\/home\/rauchwerk-und-feuerwasser\/","title":{"rendered":"Pfeifen, Zigarren oder exquisite Spirituosen"},"content":{"rendered":"<p>In unserem Ladengesch\u00e4ft finden Sie erlesene Produkte aus aller Welt.<br \/>\nOb Zubeh\u00f6r, die einzigartige Pfeife, oder die Zigarre f\u00fcr den besonderen Anlass, bei uns sind Sie genau richtig.<\/p>\n","protected":false},"excerpt":{"rendered":"<p>In unserem Ladengesch\u00e4ft finden Sie erlesene Produkte aus aller Welt. Ob Zubeh\u00f6r, die einzigartige Pfeife, oder die Zigarre f\u00fcr den besonderen Anlass, bei uns sind Sie genau richtig.<\/p>\n","protected":false},"author":1,"featured_media":54,"parent":20,"menu_order":0,"comment_status":"closed","ping_status":"closed","template":"","meta":{"spay_email":""},"jetpack_sharing_enabled":true,"jetpack_shortlink":"https:\/\/wp.me\/P7fhwW-38","_links":{"self":[{"href":"https:\/\/www.tabakundspirituosen.de\/index.php\/wp-json\/wp\/v2\/pages\/194"}],"collection":[{"href":"https:\/\/www.tabakundspirituosen.de\/index.php\/wp-json\/wp\/v2\/pages"}],"about":[{"href":"https:\/\/www.tabakundspirituosen.de\/index.php\/wp-json\/wp\/v2\/types\/page"}],"author":[{"embeddable":true,"href":"https:\/\/www.tabakundspirituosen.de\/index.php\/wp-json\/wp\/v2\/users\/1"}],"replies":[{"embeddable":true,"href":"https:\/\/www.tabakundspirituosen.de\/index.php\/wp-json\/wp\/v2\/comments?post=194"}],"version-history":[{"count":5,"href":"https:\/\/www.tabakundspirituosen.de\/index.php\/wp-json\/wp\/v2\/pages\/194\/revisions"}],"predecessor-version":[{"id":250,"href":"https:\/\/www.tabakundspirituosen.de\/index.php\/wp-json\/wp\/v2\/pages\/194\/revisions\/250"}],"up":[{"embeddable":true,"href":"https:\/\/www.tabakundspirituosen.de\/index.php\/wp-json\/wp\/v2\/pages\/20"}],"wp:featuredmedia":[{"embeddable":true,"href":"https:\/\/www.tabakundspirituosen.de\/index.php\/wp-json\/wp\/v2\/media\/54"}],"wp:attachment":[{"href":"https:\/\/www.tabakundspirituosen.de\/index.php\/wp-json\/wp\/v2\/media?parent=194"}],"curies":[{"name":"wp","href":"https:\/\/api.w.org\/{rel}","templated":true}]}}