{"id":18,"date":"2016-02-17T01:58:01","date_gmt":"2016-02-17T00:58:01","guid":{"rendered":"http:\/\/tabakundspirituosen.de\/?page_id=18"},"modified":"2024-02-22T15:32:00","modified_gmt":"2024-02-22T14:32:00","slug":"ueber-uns","status":"publish","type":"page","link":"https:\/\/www.tabakundspirituosen.de\/index.php\/ueber-uns\/","title":{"rendered":"\u00dcber uns"},"content":{"rendered":"<p>Unser Tabakladen wurde im August 1985 von Medardus Wallner er\u00f6ffnet.<\/p>\n<p>Ab Oktober 2015 wurde das Gesch\u00e4ft von Heike Bonnell und Susanne Hoffmann unter dem alten Namen \u201eTabak und Spirituosen Wallner\u201c \u00fcbernommen. Seit Februar 2024 ist Susanne Hoffmann alleinige Inhaberin.<br \/>\nIch freue mich, Sie weiterhin mit ausgesuchtem Warensortiment begr\u00fc\u00dfen zu d\u00fcrfen.<\/p>\n<p><img loading=\"lazy\" class=\"aligncenter size-large wp-image-5684\" src=\"https:\/\/www.tabakundspirituosen.de\/wp-content\/uploads\/2024\/02\/Susanne-Hoffmann-1024x573.jpg\" alt=\"\" width=\"1024\" height=\"573\" srcset=\"https:\/\/www.tabakundspirituosen.de\/wp-content\/uploads\/2024\/02\/Susanne-Hoffmann-1024x573.jpg 1024w, https:\/\/www.tabakundspirituosen.de\/wp-content\/uploads\/2024\/02\/Susanne-Hoffmann-300x168.jpg 300w, https:\/\/www.tabakundspirituosen.de\/wp-content\/uploads\/2024\/02\/Susanne-Hoffmann-768x430.jpg 768w, https:\/\/www.tabakundspirituosen.de\/wp-content\/uploads\/2024\/02\/Susanne-Hoffmann-1536x860.jpg 1536w, https:\/\/www.tabakundspirituosen.de\/wp-content\/uploads\/2024\/02\/Susanne-Hoffmann.jpg 2048w\" sizes=\"(max-width: 1024px) 100vw, 1024px\" \/><\/p>\n<p>Eure Susanne Hoffmann<\/p>\n","protected":false},"excerpt":{"rendered":"<p>Unser Tabakladen wurde im August 1985 von Medardus Wallner er\u00f6ffnet. Ab Oktober 2015 wurde das Gesch\u00e4ft von Heike Bonnell und Susanne Hoffmann unter dem alten Namen \u201eTabak und Spirituosen Wallner\u201c &hellip; <a href=\"https:\/\/www.tabakundspirituosen.de\/index.php\/ueber-uns\/\" class=\"excerpt-link\">Read More<\/a><\/p>\n","protected":false},"author":1,"featured_media":99,"parent":0,"menu_order":0,"comment_status":"closed","ping_status":"closed","template":"","meta":{"spay_email":""},"jetpack_sharing_enabled":true,"jetpack_shortlink":"https:\/\/wp.me\/P7fhwW-i","_links":{"self":[{"href":"https:\/\/www.tabakundspirituosen.de\/index.php\/wp-json\/wp\/v2\/pages\/18"}],"collection":[{"href":"https:\/\/www.tabakundspirituosen.de\/index.php\/wp-json\/wp\/v2\/pages"}],"about":[{"href":"https:\/\/www.tabakundspirituosen.de\/index.php\/wp-json\/wp\/v2\/types\/page"}],"author":[{"embeddable":true,"href":"https:\/\/www.tabakundspirituosen.de\/index.php\/wp-json\/wp\/v2\/users\/1"}],"replies":[{"embeddable":true,"href":"https:\/\/www.tabakundspirituosen.de\/index.php\/wp-json\/wp\/v2\/comments?post=18"}],"version-history":[{"count":9,"href":"https:\/\/www.tabakundspirituosen.de\/index.php\/wp-json\/wp\/v2\/pages\/18\/revisions"}],"predecessor-version":[{"id":5685,"href":"https:\/\/www.tabakundspirituosen.de\/index.php\/wp-json\/wp\/v2\/pages\/18\/revisions\/5685"}],"wp:featuredmedia":[{"embeddable":true,"href":"https:\/\/www.tabakundspirituosen.de\/index.php\/wp-json\/wp\/v2\/media\/99"}],"wp:attachment":[{"href":"https:\/\/www.tabakundspirituosen.de\/index.php\/wp-json\/wp\/v2\/media?parent=18"}],"curies":[{"name":"wp","href":"https:\/\/api.w.org\/{rel}","templated":true}]}}